{"id":2980,"date":"2023-07-13T13:06:43","date_gmt":"2023-07-13T18:06:43","guid":{"rendered":"https:\/\/www.sky6cancun.com\/marketing\/?page_id=2980"},"modified":"2023-07-13T13:16:23","modified_gmt":"2023-07-13T18:16:23","slug":"buzon-de-quejas-y-sugerencias","status":"publish","type":"page","link":"https:\/\/www.sky6cancun.com\/marketing\/buzon-de-quejas-y-sugerencias\/","title":{"rendered":"Buz\u00f3n de Quejas y Sugerencias"},"content":{"rendered":"\t\t<div data-elementor-type=\"wp-page\" data-elementor-id=\"2980\" class=\"elementor elementor-2980\">\n\t\t\t\t\t\t<section class=\"elementor-section elementor-top-section elementor-element elementor-element-3e73ec2 elementor-section-boxed elementor-section-height-default elementor-section-height-default exad-glass-effect-no exad-sticky-section-no\" data-id=\"3e73ec2\" data-element_type=\"section\" data-settings=\"{&quot;background_background&quot;:&quot;classic&quot;}\">\n\t\t\t\t\t\t\t<div class=\"elementor-background-overlay\"><\/div>\n\t\t\t\t\t\t\t<div class=\"elementor-container elementor-column-gap-default\">\n\t\t\t\t\t<div class=\"elementor-column elementor-col-100 elementor-top-column elementor-element elementor-element-fd2ff52 exad-glass-effect-no exad-sticky-section-no\" data-id=\"fd2ff52\" data-element_type=\"column\">\n\t\t\t<div class=\"elementor-widget-wrap elementor-element-populated\">\n\t\t\t\t\t\t<div class=\"elementor-element elementor-element-b1536ce exad-sticky-section-no exad-glass-effect-no elementor-widget elementor-widget-heading\" data-id=\"b1536ce\" data-element_type=\"widget\" data-widget_type=\"heading.default\">\n\t\t\t\t<div class=\"elementor-widget-container\">\n\t\t\t\t\t<h1 class=\"elementor-heading-title elementor-size-default\">Queremos Escucharte<\/h1>\t\t\t\t<\/div>\n\t\t\t\t<\/div>\n\t\t\t\t<div class=\"elementor-element elementor-element-8fbb13b exad-sticky-section-no exad-glass-effect-no elementor-widget elementor-widget-text-editor\" data-id=\"8fbb13b\" data-element_type=\"widget\" data-widget_type=\"text-editor.default\">\n\t\t\t\t<div class=\"elementor-widget-container\">\n\t\t\t\t\t\t\t\t\tTrabaja con un gran equipo de personas. Analizamos de forma personalizada tu estrategia y necesidades y te ofreceremos la mejor soluci\u00f3n. \t\t\t\t\t\t\t\t<\/div>\n\t\t\t\t<\/div>\n\t\t\t\t\t<\/div>\n\t\t<\/div>\n\t\t\t\t\t<\/div>\n\t\t<\/section>\n\t\t\t\t<section class=\"elementor-section elementor-top-section elementor-element elementor-element-be296e9 elementor-section-boxed elementor-section-height-default elementor-section-height-default exad-glass-effect-no exad-sticky-section-no\" data-id=\"be296e9\" data-element_type=\"section\">\n\t\t\t\t\t\t<div class=\"elementor-container elementor-column-gap-default\">\n\t\t\t\t\t<div class=\"elementor-column elementor-col-100 elementor-top-column elementor-element elementor-element-8f35f86 exad-glass-effect-no exad-sticky-section-no\" data-id=\"8f35f86\" data-element_type=\"column\">\n\t\t\t<div class=\"elementor-widget-wrap elementor-element-populated\">\n\t\t\t\t\t\t<section class=\"elementor-section elementor-inner-section elementor-element elementor-element-263c57c elementor-section-boxed elementor-section-height-default elementor-section-height-default exad-glass-effect-no exad-sticky-section-no\" data-id=\"263c57c\" data-element_type=\"section\">\n\t\t\t\t\t\t<div class=\"elementor-container elementor-column-gap-default\">\n\t\t\t\t\t<div class=\"elementor-column elementor-col-100 elementor-inner-column elementor-element elementor-element-036d8ad exad-glass-effect-no exad-sticky-section-no\" data-id=\"036d8ad\" data-element_type=\"column\">\n\t\t\t<div class=\"elementor-widget-wrap elementor-element-populated\">\n\t\t\t\t\t\t<div class=\"elementor-element elementor-element-c0a0d90 exad-sticky-section-no exad-glass-effect-no elementor-widget elementor-widget-exad-contact-form-7\" data-id=\"c0a0d90\" data-element_type=\"widget\" data-widget_type=\"exad-contact-form-7.default\">\n\t\t\t\t<div class=\"elementor-widget-container\">\n\t\t\t\t\t            <div class=\"exad-contact-form exad-contact-form-7 exad-contact-form-c0a0d90\">\r\n                    \r\n                                        \r\n                \n<div class=\"wpcf7 no-js\" id=\"wpcf7-f2976-o1\" lang=\"es-ES\" dir=\"ltr\" data-wpcf7-id=\"2976\">\n<div class=\"screen-reader-response\"><p role=\"status\" aria-live=\"polite\" aria-atomic=\"true\"><\/p> <ul><\/ul><\/div>\n<form action=\"\/marketing\/wp-json\/wp\/v2\/pages\/2980#wpcf7-f2976-o1\" method=\"post\" class=\"wpcf7-form init\" aria-label=\"Formulario de contacto\" novalidate=\"novalidate\" data-status=\"init\">\n<fieldset class=\"hidden-fields-container\"><input type=\"hidden\" name=\"_wpcf7\" value=\"2976\" \/><input type=\"hidden\" name=\"_wpcf7_version\" value=\"6.1.4\" \/><input type=\"hidden\" name=\"_wpcf7_locale\" value=\"es_ES\" \/><input type=\"hidden\" name=\"_wpcf7_unit_tag\" value=\"wpcf7-f2976-o1\" \/><input type=\"hidden\" name=\"_wpcf7_container_post\" value=\"0\" \/><input type=\"hidden\" name=\"_wpcf7_posted_data_hash\" value=\"\" \/><input type=\"hidden\" name=\"_wpcf7cf_hidden_group_fields\" value=\"[]\" \/><input type=\"hidden\" name=\"_wpcf7cf_hidden_groups\" value=\"[]\" \/><input type=\"hidden\" name=\"_wpcf7cf_visible_groups\" value=\"[]\" \/><input type=\"hidden\" name=\"_wpcf7cf_repeaters\" value=\"[]\" \/><input type=\"hidden\" name=\"_wpcf7cf_steps\" value=\"{}\" \/><input type=\"hidden\" name=\"_wpcf7cf_options\" value=\"{&quot;form_id&quot;:2976,&quot;conditions&quot;:[],&quot;settings&quot;:{&quot;animation&quot;:&quot;yes&quot;,&quot;animation_intime&quot;:&quot;200&quot;,&quot;animation_outtime&quot;:&quot;200&quot;,&quot;conditions_ui&quot;:&quot;normal&quot;,&quot;notice_dismissed&quot;:&quot;&quot;,&quot;notice_dismissed_rollback-cf7-5.7.4&quot;:true,&quot;notice_dismissed_rollback-cf7-5.8.3&quot;:true,&quot;notice_dismissed_rollback-cf7-5.9.2&quot;:true}}\" \/>\n<\/fieldset>\n<div class=\"g5plus-contact-form contact-3-column row text-center\">\n\t<div class=\"col-md-4 col-sm-12 col-xs-12\">\n\t\t<p><span class=\"wpcf7-form-control-wrap\" data-name=\"your-name\"><input size=\"40\" maxlength=\"400\" class=\"wpcf7-form-control wpcf7-text\" aria-invalid=\"false\" placeholder=\"NOMBRE Y APELLIDO\" value=\"\" type=\"text\" name=\"your-name\" \/><\/span>\n\t\t<\/p>\n\t<\/div>\n\t<div class=\"col-md-4 col-sm-12 col-xs-12\">\n\t\t<p><span class=\"wpcf7-form-control-wrap\" data-name=\"your-email\"><input size=\"40\" maxlength=\"400\" class=\"wpcf7-form-control wpcf7-email wpcf7-text wpcf7-validates-as-email\" aria-invalid=\"false\" placeholder=\"CORREO\" value=\"\" type=\"email\" name=\"your-email\" \/><\/span>\n\t\t<\/p>\n\t<\/div>\n\t<div class=\"col-md-4 col-sm-12 col-xs-12\">\n\t\t<p><span class=\"wpcf7-form-control-wrap\" data-name=\"your-phone\"><input size=\"40\" maxlength=\"400\" class=\"wpcf7-form-control wpcf7-tel wpcf7-text wpcf7-validates-as-tel\" aria-invalid=\"false\" placeholder=\"TEL\u00c9FONO\" value=\"\" type=\"tel\" name=\"your-phone\" \/><\/span>\n\t\t<\/p>\n\t<\/div>\n\t<div class=\"col-md-12 col-sm-12 col-xs-12\">\n\t\t<p><label>DATOS AN\u00d3NIMOS<\/label><span class=\"wpcf7-form-control-wrap\" data-name=\"anonimo\"><span class=\"wpcf7-form-control wpcf7-acceptance optional\"><span class=\"wpcf7-list-item\"><label><input type=\"checkbox\" name=\"anonimo\" value=\"1\" aria-invalid=\"false\" \/><span class=\"wpcf7-list-item-label\">Mensaje An\u00f3nimo<\/span><\/label><\/span><\/span><\/span>\n\t\t<\/p>\n\t<\/div>\n\t<div class=\"col-md-12 col-sm-12 col-xs-12\">\n\t\t<p><label>ASUNTO<\/label><span class=\"wpcf7-form-control-wrap\" data-name=\"asunto\"><span class=\"wpcf7-form-control wpcf7-checkbox wpcf7-exclusive-checkbox\"><span class=\"wpcf7-list-item first\"><input type=\"checkbox\" name=\"asunto\" value=\"Queja\" \/><span class=\"wpcf7-list-item-label\">Queja<\/span><\/span><span class=\"wpcf7-list-item\"><input type=\"checkbox\" name=\"asunto\" value=\"Reclamo\" \/><span class=\"wpcf7-list-item-label\">Reclamo<\/span><\/span><span class=\"wpcf7-list-item\"><input type=\"checkbox\" name=\"asunto\" value=\"Observaci\u00f3n\" \/><span class=\"wpcf7-list-item-label\">Observaci\u00f3n<\/span><\/span><span class=\"wpcf7-list-item\"><input type=\"checkbox\" name=\"asunto\" value=\"Sugerencia\" \/><span class=\"wpcf7-list-item-label\">Sugerencia<\/span><\/span><span class=\"wpcf7-list-item last\"><input type=\"checkbox\" name=\"asunto\" value=\"Felicitaci\u00f3n\" \/><span class=\"wpcf7-list-item-label\">Felicitaci\u00f3n<\/span><\/span><\/span><\/span>\n\t\t<\/p>\n\t<\/div>\n\t<div class=\"col-md-12 col-sm-12 col-xs-12\">\n\t\t<p><span class=\"wpcf7-form-control-wrap\" data-name=\"your-message\"><textarea cols=\"5\" rows=\"3\" maxlength=\"2000\" class=\"wpcf7-form-control wpcf7-textarea\" aria-invalid=\"false\" placeholder=\"MENSAJES U OBSERVACIONES\" name=\"your-message\"><\/textarea><\/span>\n\t\t<\/p>\n\t<\/div>\n\t<div class=\"col-md-12 col-sm-12 col-xs-12 btn2\">\n\t\t<p><input class=\"wpcf7-form-control wpcf7-submit has-spinner\" type=\"submit\" value=\"Enviar\" \/>\n\t\t<\/p>\n\t<\/div>\n<\/div><p style=\"display: none !important;\" class=\"akismet-fields-container\" data-prefix=\"_wpcf7_ak_\"><label>&#916;<textarea name=\"_wpcf7_ak_hp_textarea\" cols=\"45\" rows=\"8\" maxlength=\"100\"><\/textarea><\/label><input type=\"hidden\" id=\"ak_js_1\" name=\"_wpcf7_ak_js\" value=\"165\"\/><script>document.getElementById( \"ak_js_1\" ).setAttribute( \"value\", ( new Date() ).getTime() );<\/script><\/p><div class=\"wpcf7-response-output\" aria-hidden=\"true\"><\/div>\n<\/form>\n<\/div>\n            <\/div>\r\n            \r\n            \t\t\t\t<\/div>\n\t\t\t\t<\/div>\n\t\t\t\t\t<\/div>\n\t\t<\/div>\n\t\t\t\t\t<\/div>\n\t\t<\/section>\n\t\t\t\t\t<\/div>\n\t\t<\/div>\n\t\t\t\t\t<\/div>\n\t\t<\/section>\n\t\t\t\t<\/div>\n\t\t","protected":false},"excerpt":{"rendered":"<p>Queremos Escucharte Trabaja con un gran equipo de personas. Analizamos de forma personalizada tu estrategia y necesidades y te ofreceremos la mejor soluci\u00f3n. DATOS AN\u00d3NIMOSMensaje An\u00f3nimo ASUNTOQuejaReclamoObservaci\u00f3nSugerenciaFelicitaci\u00f3n &#916;<\/p>\n","protected":false},"author":1,"featured_media":0,"parent":0,"menu_order":0,"comment_status":"closed","ping_status":"closed","template":"","meta":{"_monsterinsights_skip_tracking":false,"_monsterinsights_sitenote_active":false,"_monsterinsights_sitenote_note":"","_monsterinsights_sitenote_category":0,"site-sidebar-layout":"no-sidebar","site-content-layout":"page-builder","ast-site-content-layout":"default","site-content-style":"default","site-sidebar-style":"default","ast-global-header-display":"","ast-banner-title-visibility":"","ast-main-header-display":"","ast-hfb-above-header-display":"","ast-hfb-below-header-display":"","ast-hfb-mobile-header-display":"","site-post-title":"disabled","ast-breadcrumbs-content":"","ast-featured-img":"disabled","footer-sml-layout":"","theme-transparent-header-meta":"default","adv-header-id-meta":"","stick-header-meta":"","header-above-stick-meta":"","header-main-stick-meta":"","header-below-stick-meta":"","astra-migrate-meta-layouts":"default","ast-page-background-enabled":"default","ast-page-background-meta":{"desktop":{"background-color":"","background-image":"","background-repeat":"repeat","background-position":"center center","background-size":"auto","background-attachment":"scroll","background-type":"","background-media":"","overlay-type":"","overlay-color":"","overlay-opacity":"","overlay-gradient":""},"tablet":{"background-color":"","background-image":"","background-repeat":"repeat","background-position":"center center","background-size":"auto","background-attachment":"scroll","background-type":"","background-media":"","overlay-type":"","overlay-color":"","overlay-opacity":"","overlay-gradient":""},"mobile":{"background-color":"","background-image":"","background-repeat":"repeat","background-position":"center center","background-size":"auto","background-attachment":"scroll","background-type":"","background-media":"","overlay-type":"","overlay-color":"","overlay-opacity":"","overlay-gradient":""}},"ast-content-background-meta":{"desktop":{"background-color":"var(--ast-global-color-5)","background-image":"","background-repeat":"repeat","background-position":"center center","background-size":"auto","background-attachment":"scroll","background-type":"","background-media":"","overlay-type":"","overlay-color":"","overlay-opacity":"","overlay-gradient":""},"tablet":{"background-color":"var(--ast-global-color-5)","background-image":"","background-repeat":"repeat","background-position":"center center","background-size":"auto","background-attachment":"scroll","background-type":"","background-media":"","overlay-type":"","overlay-color":"","overlay-opacity":"","overlay-gradient":""},"mobile":{"background-color":"var(--ast-global-color-5)","background-image":"","background-repeat":"repeat","background-position":"center center","background-size":"auto","background-attachment":"scroll","background-type":"","background-media":"","overlay-type":"","overlay-color":"","overlay-opacity":"","overlay-gradient":""}},"_joinchat":[],"footnotes":""},"class_list":["post-2980","page","type-page","status-publish","hentry"],"yoast_head":"<!-- This site is optimized with the Yoast SEO plugin v26.0 - https:\/\/yoast.com\/wordpress\/plugins\/seo\/ -->\n<title>Buz\u00f3n de Quejas y Sugerencias - Sky 6 Marketing<\/title>\n<meta name=\"robots\" content=\"index, nofollow, max-snippet:-1, max-image-preview:large, max-video-preview:-1\" \/>\n<link rel=\"canonical\" href=\"https:\/\/www.sky6cancun.com\/marketing\/buzon-de-quejas-y-sugerencias\/\" \/>\n<meta property=\"og:locale\" content=\"es_ES\" \/>\n<meta property=\"og:type\" content=\"article\" \/>\n<meta property=\"og:title\" content=\"Buz\u00f3n de Quejas y Sugerencias - Sky 6 Marketing\" \/>\n<meta property=\"og:description\" content=\"Queremos Escucharte Trabaja con un gran equipo de personas. Analizamos de forma personalizada tu estrategia y necesidades y te ofreceremos la mejor soluci\u00f3n. DATOS AN\u00d3NIMOSMensaje An\u00f3nimo ASUNTOQuejaReclamoObservaci\u00f3nSugerenciaFelicitaci\u00f3n &#916;\" \/>\n<meta property=\"og:url\" content=\"https:\/\/www.sky6cancun.com\/marketing\/buzon-de-quejas-y-sugerencias\/\" \/>\n<meta property=\"og:site_name\" content=\"Sky 6 Marketing\" \/>\n<meta property=\"article:modified_time\" content=\"2023-07-13T18:16:23+00:00\" \/>\n<meta name=\"twitter:card\" content=\"summary_large_image\" \/>\n<meta name=\"twitter:label1\" content=\"Tiempo de lectura\" \/>\n\t<meta name=\"twitter:data1\" content=\"1 minuto\" \/>\n<script type=\"application\/ld+json\" class=\"yoast-schema-graph\">{\"@context\":\"https:\/\/schema.org\",\"@graph\":[{\"@type\":\"WebPage\",\"@id\":\"https:\/\/www.sky6cancun.com\/marketing\/buzon-de-quejas-y-sugerencias\/\",\"url\":\"https:\/\/www.sky6cancun.com\/marketing\/buzon-de-quejas-y-sugerencias\/\",\"name\":\"Buz\u00f3n de Quejas y Sugerencias - Sky 6 Marketing\",\"isPartOf\":{\"@id\":\"https:\/\/www.sky6cancun.com\/marketing\/#website\"},\"datePublished\":\"2023-07-13T18:06:43+00:00\",\"dateModified\":\"2023-07-13T18:16:23+00:00\",\"breadcrumb\":{\"@id\":\"https:\/\/www.sky6cancun.com\/marketing\/buzon-de-quejas-y-sugerencias\/#breadcrumb\"},\"inLanguage\":\"es\",\"potentialAction\":[{\"@type\":\"ReadAction\",\"target\":[\"https:\/\/www.sky6cancun.com\/marketing\/buzon-de-quejas-y-sugerencias\/\"]}]},{\"@type\":\"BreadcrumbList\",\"@id\":\"https:\/\/www.sky6cancun.com\/marketing\/buzon-de-quejas-y-sugerencias\/#breadcrumb\",\"itemListElement\":[{\"@type\":\"ListItem\",\"position\":1,\"name\":\"Portada\",\"item\":\"https:\/\/www.sky6cancun.com\/marketing\/\"},{\"@type\":\"ListItem\",\"position\":2,\"name\":\"Buz\u00f3n de Quejas y Sugerencias\"}]},{\"@type\":\"WebSite\",\"@id\":\"https:\/\/www.sky6cancun.com\/marketing\/#website\",\"url\":\"https:\/\/www.sky6cancun.com\/marketing\/\",\"name\":\"Sky 6 Marketing\",\"description\":\"Marketing Inmobiliario\",\"publisher\":{\"@id\":\"https:\/\/www.sky6cancun.com\/marketing\/#organization\"},\"potentialAction\":[{\"@type\":\"SearchAction\",\"target\":{\"@type\":\"EntryPoint\",\"urlTemplate\":\"https:\/\/www.sky6cancun.com\/marketing\/?s={search_term_string}\"},\"query-input\":{\"@type\":\"PropertyValueSpecification\",\"valueRequired\":true,\"valueName\":\"search_term_string\"}}],\"inLanguage\":\"es\"},{\"@type\":\"Organization\",\"@id\":\"https:\/\/www.sky6cancun.com\/marketing\/#organization\",\"name\":\"Sky 6 Marketing\",\"url\":\"https:\/\/www.sky6cancun.com\/marketing\/\",\"logo\":{\"@type\":\"ImageObject\",\"inLanguage\":\"es\",\"@id\":\"https:\/\/www.sky6cancun.com\/marketing\/#\/schema\/logo\/image\/\",\"url\":\"https:\/\/www.sky6cancun.com\/marketing\/wp-content\/uploads\/2022\/06\/LOGO-SKY-6-MARKETING-EXTRAVAGANZA.png\",\"contentUrl\":\"https:\/\/www.sky6cancun.com\/marketing\/wp-content\/uploads\/2022\/06\/LOGO-SKY-6-MARKETING-EXTRAVAGANZA.png\",\"width\":200,\"height\":123,\"caption\":\"Sky 6 Marketing\"},\"image\":{\"@id\":\"https:\/\/www.sky6cancun.com\/marketing\/#\/schema\/logo\/image\/\"}}]}<\/script>\n<!-- \/ Yoast SEO plugin. -->","yoast_head_json":{"title":"Buz\u00f3n de Quejas y Sugerencias - Sky 6 Marketing","robots":{"index":"index","follow":"nofollow","max-snippet":"max-snippet:-1","max-image-preview":"max-image-preview:large","max-video-preview":"max-video-preview:-1"},"canonical":"https:\/\/www.sky6cancun.com\/marketing\/buzon-de-quejas-y-sugerencias\/","og_locale":"es_ES","og_type":"article","og_title":"Buz\u00f3n de Quejas y Sugerencias - Sky 6 Marketing","og_description":"Queremos Escucharte Trabaja con un gran equipo de personas. Analizamos de forma personalizada tu estrategia y necesidades y te ofreceremos la mejor soluci\u00f3n. DATOS AN\u00d3NIMOSMensaje An\u00f3nimo ASUNTOQuejaReclamoObservaci\u00f3nSugerenciaFelicitaci\u00f3n &#916;","og_url":"https:\/\/www.sky6cancun.com\/marketing\/buzon-de-quejas-y-sugerencias\/","og_site_name":"Sky 6 Marketing","article_modified_time":"2023-07-13T18:16:23+00:00","twitter_card":"summary_large_image","twitter_misc":{"Tiempo de lectura":"1 minuto"},"schema":{"@context":"https:\/\/schema.org","@graph":[{"@type":"WebPage","@id":"https:\/\/www.sky6cancun.com\/marketing\/buzon-de-quejas-y-sugerencias\/","url":"https:\/\/www.sky6cancun.com\/marketing\/buzon-de-quejas-y-sugerencias\/","name":"Buz\u00f3n de Quejas y Sugerencias - Sky 6 Marketing","isPartOf":{"@id":"https:\/\/www.sky6cancun.com\/marketing\/#website"},"datePublished":"2023-07-13T18:06:43+00:00","dateModified":"2023-07-13T18:16:23+00:00","breadcrumb":{"@id":"https:\/\/www.sky6cancun.com\/marketing\/buzon-de-quejas-y-sugerencias\/#breadcrumb"},"inLanguage":"es","potentialAction":[{"@type":"ReadAction","target":["https:\/\/www.sky6cancun.com\/marketing\/buzon-de-quejas-y-sugerencias\/"]}]},{"@type":"BreadcrumbList","@id":"https:\/\/www.sky6cancun.com\/marketing\/buzon-de-quejas-y-sugerencias\/#breadcrumb","itemListElement":[{"@type":"ListItem","position":1,"name":"Portada","item":"https:\/\/www.sky6cancun.com\/marketing\/"},{"@type":"ListItem","position":2,"name":"Buz\u00f3n de Quejas y Sugerencias"}]},{"@type":"WebSite","@id":"https:\/\/www.sky6cancun.com\/marketing\/#website","url":"https:\/\/www.sky6cancun.com\/marketing\/","name":"Sky 6 Marketing","description":"Marketing Inmobiliario","publisher":{"@id":"https:\/\/www.sky6cancun.com\/marketing\/#organization"},"potentialAction":[{"@type":"SearchAction","target":{"@type":"EntryPoint","urlTemplate":"https:\/\/www.sky6cancun.com\/marketing\/?s={search_term_string}"},"query-input":{"@type":"PropertyValueSpecification","valueRequired":true,"valueName":"search_term_string"}}],"inLanguage":"es"},{"@type":"Organization","@id":"https:\/\/www.sky6cancun.com\/marketing\/#organization","name":"Sky 6 Marketing","url":"https:\/\/www.sky6cancun.com\/marketing\/","logo":{"@type":"ImageObject","inLanguage":"es","@id":"https:\/\/www.sky6cancun.com\/marketing\/#\/schema\/logo\/image\/","url":"https:\/\/www.sky6cancun.com\/marketing\/wp-content\/uploads\/2022\/06\/LOGO-SKY-6-MARKETING-EXTRAVAGANZA.png","contentUrl":"https:\/\/www.sky6cancun.com\/marketing\/wp-content\/uploads\/2022\/06\/LOGO-SKY-6-MARKETING-EXTRAVAGANZA.png","width":200,"height":123,"caption":"Sky 6 Marketing"},"image":{"@id":"https:\/\/www.sky6cancun.com\/marketing\/#\/schema\/logo\/image\/"}}]}},"_links":{"self":[{"href":"https:\/\/www.sky6cancun.com\/marketing\/wp-json\/wp\/v2\/pages\/2980","targetHints":{"allow":["GET"]}}],"collection":[{"href":"https:\/\/www.sky6cancun.com\/marketing\/wp-json\/wp\/v2\/pages"}],"about":[{"href":"https:\/\/www.sky6cancun.com\/marketing\/wp-json\/wp\/v2\/types\/page"}],"author":[{"embeddable":true,"href":"https:\/\/www.sky6cancun.com\/marketing\/wp-json\/wp\/v2\/users\/1"}],"replies":[{"embeddable":true,"href":"https:\/\/www.sky6cancun.com\/marketing\/wp-json\/wp\/v2\/comments?post=2980"}],"version-history":[{"count":4,"href":"https:\/\/www.sky6cancun.com\/marketing\/wp-json\/wp\/v2\/pages\/2980\/revisions"}],"predecessor-version":[{"id":2986,"href":"https:\/\/www.sky6cancun.com\/marketing\/wp-json\/wp\/v2\/pages\/2980\/revisions\/2986"}],"wp:attachment":[{"href":"https:\/\/www.sky6cancun.com\/marketing\/wp-json\/wp\/v2\/media?parent=2980"}],"curies":[{"name":"wp","href":"https:\/\/api.w.org\/{rel}","templated":true}]}}