{"id":2406,"date":"2022-10-05T10:21:51","date_gmt":"2022-10-05T15:21:51","guid":{"rendered":"https:\/\/www.sky6cancun.com\/marketing\/?page_id=2406"},"modified":"2022-11-24T10:46:22","modified_gmt":"2022-11-24T15:46:22","slug":"brochure-miraluna-tulum","status":"publish","type":"page","link":"https:\/\/www.sky6cancun.com\/marketing\/expertos-en-marketing-estrategico\/agencia-de-marketing-para-desarrollos-inmobiliarios\/brochure-miraluna-tulum\/","title":{"rendered":"Brochure Miraluna Tulum"},"content":{"rendered":"\t\t<div data-elementor-type=\"wp-page\" data-elementor-id=\"2406\" class=\"elementor elementor-2406\">\n\t\t\t\t\t\t<section class=\"elementor-section elementor-top-section elementor-element elementor-element-a5f2b1b elementor-section-boxed elementor-section-height-default elementor-section-height-default exad-glass-effect-no exad-sticky-section-no\" data-id=\"a5f2b1b\" data-element_type=\"section\" data-settings=\"{&quot;background_background&quot;:&quot;classic&quot;}\">\n\t\t\t\t\t\t\t<div class=\"elementor-background-overlay\"><\/div>\n\t\t\t\t\t\t\t<div class=\"elementor-container elementor-column-gap-default\">\n\t\t\t\t\t<div class=\"elementor-column elementor-col-100 elementor-top-column elementor-element elementor-element-587f6e9 exad-glass-effect-no exad-sticky-section-no\" data-id=\"587f6e9\" data-element_type=\"column\">\n\t\t\t<div class=\"elementor-widget-wrap elementor-element-populated\">\n\t\t\t\t\t\t<div class=\"elementor-element elementor-element-f73f644 exad-sticky-section-no exad-glass-effect-no elementor-widget elementor-widget-heading\" data-id=\"f73f644\" data-element_type=\"widget\" data-widget_type=\"heading.default\">\n\t\t\t\t<div class=\"elementor-widget-container\">\n\t\t\t\t\t<h2 class=\"elementor-heading-title elementor-size-default\">Miraluna Tulum<\/h2>\t\t\t\t<\/div>\n\t\t\t\t<\/div>\n\t\t\t\t<div class=\"elementor-element elementor-element-b94f502 exad-sticky-section-no exad-glass-effect-no elementor-widget elementor-widget-text-editor\" data-id=\"b94f502\" data-element_type=\"widget\" data-widget_type=\"text-editor.default\">\n\t\t\t\t<div class=\"elementor-widget-container\">\n\t\t\t\t\t\t\t\t\tComplejo de departamentos de lujo ecotur\u00edstico\t\t\t\t\t\t\t\t<\/div>\n\t\t\t\t<\/div>\n\t\t\t\t<div class=\"elementor-element elementor-element-b5031df elementor-widget-divider--view-line exad-sticky-section-no exad-glass-effect-no elementor-widget elementor-widget-divider\" data-id=\"b5031df\" data-element_type=\"widget\" data-widget_type=\"divider.default\">\n\t\t\t\t<div class=\"elementor-widget-container\">\n\t\t\t\t\t\t\t<div class=\"elementor-divider\">\n\t\t\t<span class=\"elementor-divider-separator\">\n\t\t\t\t\t\t<\/span>\n\t\t<\/div>\n\t\t\t\t\t\t<\/div>\n\t\t\t\t<\/div>\n\t\t\t\t<div class=\"elementor-element elementor-element-fcfc9fe exad-sticky-section-no exad-glass-effect-no elementor-widget elementor-widget-shortcode\" data-id=\"fcfc9fe\" data-element_type=\"widget\" data-widget_type=\"shortcode.default\">\n\t\t\t\t<div class=\"elementor-widget-container\">\n\t\t\t\t\t\t\t<div class=\"elementor-shortcode\"><div class=\"_3d-flip-book  fb3d-fullscreen-mode full-size\" data-id=\"0\" data-mode=\"fullscreen\" data-title=\"false\" data-template=\"short-white-book-view\" data-lightbox=\"dark-shadow\" data-urlparam=\"fb3d-page\" data-page-n=\"0\" data-pdf=\"https:\/\/www.sky6cancun.com\/marketing\/wp-content\/uploads\/2022\/10\/Miraluna-WEB.pdf\" data-tax=\"null\" data-thumbnail=\"\" data-cols=\"3\" data-book-template=\"default\" data-trigger=\"\" style=\"height:auto;\"><\/div><\/div>\n\t\t\t\t\t\t<\/div>\n\t\t\t\t<\/div>\n\t\t\t\t<section class=\"elementor-section elementor-inner-section elementor-element elementor-element-6f281a4 elementor-section-boxed elementor-section-height-default elementor-section-height-default exad-glass-effect-no exad-sticky-section-no\" data-id=\"6f281a4\" data-element_type=\"section\">\n\t\t\t\t\t\t<div class=\"elementor-container elementor-column-gap-default\">\n\t\t\t\t\t<div class=\"elementor-column elementor-col-100 elementor-inner-column elementor-element elementor-element-e0fc70e exad-glass-effect-no exad-sticky-section-no\" data-id=\"e0fc70e\" data-element_type=\"column\">\n\t\t\t<div class=\"elementor-widget-wrap elementor-element-populated\">\n\t\t\t\t\t\t<div class=\"elementor-element elementor-element-17557d3 exad-sticky-section-no exad-glass-effect-no elementor-widget elementor-widget-heading\" data-id=\"17557d3\" data-element_type=\"widget\" data-widget_type=\"heading.default\">\n\t\t\t\t<div class=\"elementor-widget-container\">\n\t\t\t\t\t<h2 class=\"elementor-heading-title elementor-size-default\">Conceptualizamos, Dise\u00f1amos y Operamos tus Estrategias<\/h2>\t\t\t\t<\/div>\n\t\t\t\t<\/div>\n\t\t\t\t<div class=\"elementor-element elementor-element-99e474d elementor-button-info elementor-align-center exad-sticky-section-no exad-glass-effect-no elementor-widget elementor-widget-button\" data-id=\"99e474d\" data-element_type=\"widget\" data-widget_type=\"button.default\">\n\t\t\t\t<div class=\"elementor-widget-container\">\n\t\t\t\t\t\t\t\t\t<div class=\"elementor-button-wrapper\">\n\t\t\t\t\t<a class=\"elementor-button elementor-button-link elementor-size-sm\" href=\"https:\/\/www.sky6cancun.com\/marketing\/expertos-en-marketing-estrategico\/contacto-estrategico-de-marketing\/\">\n\t\t\t\t\t\t<span class=\"elementor-button-content-wrapper\">\n\t\t\t\t\t\t<span class=\"elementor-button-icon\">\n\t\t\t\t<i aria-hidden=\"true\" class=\"fas fa-hand-sparkles\"><\/i>\t\t\t<\/span>\n\t\t\t\t\t\t\t\t\t<span class=\"elementor-button-text\">Me Interesa !!!<\/span>\n\t\t\t\t\t<\/span>\n\t\t\t\t\t<\/a>\n\t\t\t\t<\/div>\n\t\t\t\t\t\t\t\t<\/div>\n\t\t\t\t<\/div>\n\t\t\t\t\t<\/div>\n\t\t<\/div>\n\t\t\t\t\t<\/div>\n\t\t<\/section>\n\t\t\t\t\t<\/div>\n\t\t<\/div>\n\t\t\t\t\t<\/div>\n\t\t<\/section>\n\t\t\t\t<\/div>\n\t\t","protected":false},"excerpt":{"rendered":"<p>Miraluna Tulum Complejo de departamentos de lujo ecotur\u00edstico Conceptualizamos, Dise\u00f1amos y Operamos tus Estrategias Me Interesa !!!<\/p>\n","protected":false},"author":1,"featured_media":2307,"parent":2233,"menu_order":0,"comment_status":"closed","ping_status":"closed","template":"","meta":{"_monsterinsights_skip_tracking":false,"_monsterinsights_sitenote_active":false,"_monsterinsights_sitenote_note":"","_monsterinsights_sitenote_category":0,"site-sidebar-layout":"no-sidebar","site-content-layout":"page-builder","ast-site-content-layout":"default","site-content-style":"default","site-sidebar-style":"default","ast-global-header-display":"","ast-banner-title-visibility":"","ast-main-header-display":"","ast-hfb-above-header-display":"","ast-hfb-below-header-display":"","ast-hfb-mobile-header-display":"","site-post-title":"disabled","ast-breadcrumbs-content":"","ast-featured-img":"disabled","footer-sml-layout":"","theme-transparent-header-meta":"default","adv-header-id-meta":"","stick-header-meta":"","header-above-stick-meta":"","header-main-stick-meta":"","header-below-stick-meta":"","astra-migrate-meta-layouts":"default","ast-page-background-enabled":"default","ast-page-background-meta":{"desktop":{"background-color":"","background-image":"","background-repeat":"repeat","background-position":"center center","background-size":"auto","background-attachment":"scroll","background-type":"","background-media":"","overlay-type":"","overlay-color":"","overlay-opacity":"","overlay-gradient":""},"tablet":{"background-color":"","background-image":"","background-repeat":"repeat","background-position":"center center","background-size":"auto","background-attachment":"scroll","background-type":"","background-media":"","overlay-type":"","overlay-color":"","overlay-opacity":"","overlay-gradient":""},"mobile":{"background-color":"","background-image":"","background-repeat":"repeat","background-position":"center center","background-size":"auto","background-attachment":"scroll","background-type":"","background-media":"","overlay-type":"","overlay-color":"","overlay-opacity":"","overlay-gradient":""}},"ast-content-background-meta":{"desktop":{"background-color":"var(--ast-global-color-5)","background-image":"","background-repeat":"repeat","background-position":"center center","background-size":"auto","background-attachment":"scroll","background-type":"","background-media":"","overlay-type":"","overlay-color":"","overlay-opacity":"","overlay-gradient":""},"tablet":{"background-color":"var(--ast-global-color-5)","background-image":"","background-repeat":"repeat","background-position":"center center","background-size":"auto","background-attachment":"scroll","background-type":"","background-media":"","overlay-type":"","overlay-color":"","overlay-opacity":"","overlay-gradient":""},"mobile":{"background-color":"var(--ast-global-color-5)","background-image":"","background-repeat":"repeat","background-position":"center center","background-size":"auto","background-attachment":"scroll","background-type":"","background-media":"","overlay-type":"","overlay-color":"","overlay-opacity":"","overlay-gradient":""}},"_joinchat":[],"footnotes":""},"class_list":["post-2406","page","type-page","status-publish","has-post-thumbnail","hentry"],"yoast_head":"<!-- This site is optimized with the Yoast SEO plugin v26.0 - https:\/\/yoast.com\/wordpress\/plugins\/seo\/ -->\n<title>Brochure Miraluna Tulum Marketing Digital Estrat\u00e9gico<\/title>\n<meta name=\"robots\" content=\"noindex, follow\" \/>\n<meta property=\"og:locale\" content=\"es_ES\" \/>\n<meta property=\"og:type\" content=\"article\" \/>\n<meta property=\"og:title\" content=\"Brochure Miraluna Tulum Marketing Digital Estrat\u00e9gico\" \/>\n<meta property=\"og:description\" content=\"Miraluna Tulum Complejo de departamentos de lujo ecotur\u00edstico Conceptualizamos, Dise\u00f1amos y Operamos tus Estrategias Me Interesa !!!\" \/>\n<meta property=\"og:url\" content=\"https:\/\/www.sky6cancun.com\/marketing\/expertos-en-marketing-estrategico\/agencia-de-marketing-para-desarrollos-inmobiliarios\/brochure-miraluna-tulum\/\" \/>\n<meta property=\"og:site_name\" content=\"Sky 6 Marketing\" \/>\n<meta property=\"article:modified_time\" content=\"2022-11-24T15:46:22+00:00\" \/>\n<meta property=\"og:image\" content=\"https:\/\/www.sky6cancun.com\/marketing\/wp-content\/uploads\/2022\/10\/13.jpg\" \/>\n\t<meta property=\"og:image:width\" content=\"600\" \/>\n\t<meta property=\"og:image:height\" content=\"854\" \/>\n\t<meta property=\"og:image:type\" content=\"image\/jpeg\" \/>\n<meta name=\"twitter:card\" content=\"summary_large_image\" \/>\n<meta name=\"twitter:label1\" content=\"Tiempo de lectura\" \/>\n\t<meta name=\"twitter:data1\" content=\"1 minuto\" \/>\n<script type=\"application\/ld+json\" class=\"yoast-schema-graph\">{\"@context\":\"https:\/\/schema.org\",\"@graph\":[{\"@type\":\"WebPage\",\"@id\":\"https:\/\/www.sky6cancun.com\/marketing\/expertos-en-marketing-estrategico\/agencia-de-marketing-para-desarrollos-inmobiliarios\/brochure-miraluna-tulum\/\",\"url\":\"https:\/\/www.sky6cancun.com\/marketing\/expertos-en-marketing-estrategico\/agencia-de-marketing-para-desarrollos-inmobiliarios\/brochure-miraluna-tulum\/\",\"name\":\"Brochure Miraluna Tulum Marketing Digital Estrat\u00e9gico\",\"isPartOf\":{\"@id\":\"https:\/\/www.sky6cancun.com\/marketing\/#website\"},\"primaryImageOfPage\":{\"@id\":\"https:\/\/www.sky6cancun.com\/marketing\/expertos-en-marketing-estrategico\/agencia-de-marketing-para-desarrollos-inmobiliarios\/brochure-miraluna-tulum\/#primaryimage\"},\"image\":{\"@id\":\"https:\/\/www.sky6cancun.com\/marketing\/expertos-en-marketing-estrategico\/agencia-de-marketing-para-desarrollos-inmobiliarios\/brochure-miraluna-tulum\/#primaryimage\"},\"thumbnailUrl\":\"https:\/\/www.sky6cancun.com\/marketing\/wp-content\/uploads\/2022\/10\/13.jpg\",\"datePublished\":\"2022-10-05T15:21:51+00:00\",\"dateModified\":\"2022-11-24T15:46:22+00:00\",\"breadcrumb\":{\"@id\":\"https:\/\/www.sky6cancun.com\/marketing\/expertos-en-marketing-estrategico\/agencia-de-marketing-para-desarrollos-inmobiliarios\/brochure-miraluna-tulum\/#breadcrumb\"},\"inLanguage\":\"es\",\"potentialAction\":[{\"@type\":\"ReadAction\",\"target\":[\"https:\/\/www.sky6cancun.com\/marketing\/expertos-en-marketing-estrategico\/agencia-de-marketing-para-desarrollos-inmobiliarios\/brochure-miraluna-tulum\/\"]}]},{\"@type\":\"ImageObject\",\"inLanguage\":\"es\",\"@id\":\"https:\/\/www.sky6cancun.com\/marketing\/expertos-en-marketing-estrategico\/agencia-de-marketing-para-desarrollos-inmobiliarios\/brochure-miraluna-tulum\/#primaryimage\",\"url\":\"https:\/\/www.sky6cancun.com\/marketing\/wp-content\/uploads\/2022\/10\/13.jpg\",\"contentUrl\":\"https:\/\/www.sky6cancun.com\/marketing\/wp-content\/uploads\/2022\/10\/13.jpg\",\"width\":600,\"height\":854,\"caption\":\"Agencia de Marketing para Desarrollos Inmobiliarios | SKY 6 MARKETING\"},{\"@type\":\"BreadcrumbList\",\"@id\":\"https:\/\/www.sky6cancun.com\/marketing\/expertos-en-marketing-estrategico\/agencia-de-marketing-para-desarrollos-inmobiliarios\/brochure-miraluna-tulum\/#breadcrumb\",\"itemListElement\":[{\"@type\":\"ListItem\",\"position\":1,\"name\":\"Portada\",\"item\":\"https:\/\/www.sky6cancun.com\/marketing\/\"},{\"@type\":\"ListItem\",\"position\":2,\"name\":\"Inicio\",\"item\":\"https:\/\/www.sky6cancun.com\/marketing\/\"},{\"@type\":\"ListItem\",\"position\":3,\"name\":\"Agencia de Marketing para Desarrollos Inmobiliarios\",\"item\":\"https:\/\/www.sky6cancun.com\/marketing\/expertos-en-marketing-estrategico\/agencia-de-marketing-para-desarrollos-inmobiliarios\/\"},{\"@type\":\"ListItem\",\"position\":4,\"name\":\"Brochure Miraluna Tulum\"}]},{\"@type\":\"WebSite\",\"@id\":\"https:\/\/www.sky6cancun.com\/marketing\/#website\",\"url\":\"https:\/\/www.sky6cancun.com\/marketing\/\",\"name\":\"Sky 6 Marketing\",\"description\":\"Marketing Inmobiliario\",\"publisher\":{\"@id\":\"https:\/\/www.sky6cancun.com\/marketing\/#organization\"},\"potentialAction\":[{\"@type\":\"SearchAction\",\"target\":{\"@type\":\"EntryPoint\",\"urlTemplate\":\"https:\/\/www.sky6cancun.com\/marketing\/?s={search_term_string}\"},\"query-input\":{\"@type\":\"PropertyValueSpecification\",\"valueRequired\":true,\"valueName\":\"search_term_string\"}}],\"inLanguage\":\"es\"},{\"@type\":\"Organization\",\"@id\":\"https:\/\/www.sky6cancun.com\/marketing\/#organization\",\"name\":\"Sky 6 Marketing\",\"url\":\"https:\/\/www.sky6cancun.com\/marketing\/\",\"logo\":{\"@type\":\"ImageObject\",\"inLanguage\":\"es\",\"@id\":\"https:\/\/www.sky6cancun.com\/marketing\/#\/schema\/logo\/image\/\",\"url\":\"https:\/\/www.sky6cancun.com\/marketing\/wp-content\/uploads\/2022\/06\/LOGO-SKY-6-MARKETING-EXTRAVAGANZA.png\",\"contentUrl\":\"https:\/\/www.sky6cancun.com\/marketing\/wp-content\/uploads\/2022\/06\/LOGO-SKY-6-MARKETING-EXTRAVAGANZA.png\",\"width\":200,\"height\":123,\"caption\":\"Sky 6 Marketing\"},\"image\":{\"@id\":\"https:\/\/www.sky6cancun.com\/marketing\/#\/schema\/logo\/image\/\"}}]}<\/script>\n<!-- \/ Yoast SEO plugin. -->","yoast_head_json":{"title":"Brochure Miraluna Tulum Marketing Digital Estrat\u00e9gico","robots":{"index":"noindex","follow":"follow"},"og_locale":"es_ES","og_type":"article","og_title":"Brochure Miraluna Tulum Marketing Digital Estrat\u00e9gico","og_description":"Miraluna Tulum Complejo de departamentos de lujo ecotur\u00edstico Conceptualizamos, Dise\u00f1amos y Operamos tus Estrategias Me Interesa !!!","og_url":"https:\/\/www.sky6cancun.com\/marketing\/expertos-en-marketing-estrategico\/agencia-de-marketing-para-desarrollos-inmobiliarios\/brochure-miraluna-tulum\/","og_site_name":"Sky 6 Marketing","article_modified_time":"2022-11-24T15:46:22+00:00","og_image":[{"width":600,"height":854,"url":"https:\/\/www.sky6cancun.com\/marketing\/wp-content\/uploads\/2022\/10\/13.jpg","type":"image\/jpeg"}],"twitter_card":"summary_large_image","twitter_misc":{"Tiempo de lectura":"1 minuto"},"schema":{"@context":"https:\/\/schema.org","@graph":[{"@type":"WebPage","@id":"https:\/\/www.sky6cancun.com\/marketing\/expertos-en-marketing-estrategico\/agencia-de-marketing-para-desarrollos-inmobiliarios\/brochure-miraluna-tulum\/","url":"https:\/\/www.sky6cancun.com\/marketing\/expertos-en-marketing-estrategico\/agencia-de-marketing-para-desarrollos-inmobiliarios\/brochure-miraluna-tulum\/","name":"Brochure Miraluna Tulum Marketing Digital Estrat\u00e9gico","isPartOf":{"@id":"https:\/\/www.sky6cancun.com\/marketing\/#website"},"primaryImageOfPage":{"@id":"https:\/\/www.sky6cancun.com\/marketing\/expertos-en-marketing-estrategico\/agencia-de-marketing-para-desarrollos-inmobiliarios\/brochure-miraluna-tulum\/#primaryimage"},"image":{"@id":"https:\/\/www.sky6cancun.com\/marketing\/expertos-en-marketing-estrategico\/agencia-de-marketing-para-desarrollos-inmobiliarios\/brochure-miraluna-tulum\/#primaryimage"},"thumbnailUrl":"https:\/\/www.sky6cancun.com\/marketing\/wp-content\/uploads\/2022\/10\/13.jpg","datePublished":"2022-10-05T15:21:51+00:00","dateModified":"2022-11-24T15:46:22+00:00","breadcrumb":{"@id":"https:\/\/www.sky6cancun.com\/marketing\/expertos-en-marketing-estrategico\/agencia-de-marketing-para-desarrollos-inmobiliarios\/brochure-miraluna-tulum\/#breadcrumb"},"inLanguage":"es","potentialAction":[{"@type":"ReadAction","target":["https:\/\/www.sky6cancun.com\/marketing\/expertos-en-marketing-estrategico\/agencia-de-marketing-para-desarrollos-inmobiliarios\/brochure-miraluna-tulum\/"]}]},{"@type":"ImageObject","inLanguage":"es","@id":"https:\/\/www.sky6cancun.com\/marketing\/expertos-en-marketing-estrategico\/agencia-de-marketing-para-desarrollos-inmobiliarios\/brochure-miraluna-tulum\/#primaryimage","url":"https:\/\/www.sky6cancun.com\/marketing\/wp-content\/uploads\/2022\/10\/13.jpg","contentUrl":"https:\/\/www.sky6cancun.com\/marketing\/wp-content\/uploads\/2022\/10\/13.jpg","width":600,"height":854,"caption":"Agencia de Marketing para Desarrollos Inmobiliarios | SKY 6 MARKETING"},{"@type":"BreadcrumbList","@id":"https:\/\/www.sky6cancun.com\/marketing\/expertos-en-marketing-estrategico\/agencia-de-marketing-para-desarrollos-inmobiliarios\/brochure-miraluna-tulum\/#breadcrumb","itemListElement":[{"@type":"ListItem","position":1,"name":"Portada","item":"https:\/\/www.sky6cancun.com\/marketing\/"},{"@type":"ListItem","position":2,"name":"Inicio","item":"https:\/\/www.sky6cancun.com\/marketing\/"},{"@type":"ListItem","position":3,"name":"Agencia de Marketing para Desarrollos Inmobiliarios","item":"https:\/\/www.sky6cancun.com\/marketing\/expertos-en-marketing-estrategico\/agencia-de-marketing-para-desarrollos-inmobiliarios\/"},{"@type":"ListItem","position":4,"name":"Brochure Miraluna Tulum"}]},{"@type":"WebSite","@id":"https:\/\/www.sky6cancun.com\/marketing\/#website","url":"https:\/\/www.sky6cancun.com\/marketing\/","name":"Sky 6 Marketing","description":"Marketing Inmobiliario","publisher":{"@id":"https:\/\/www.sky6cancun.com\/marketing\/#organization"},"potentialAction":[{"@type":"SearchAction","target":{"@type":"EntryPoint","urlTemplate":"https:\/\/www.sky6cancun.com\/marketing\/?s={search_term_string}"},"query-input":{"@type":"PropertyValueSpecification","valueRequired":true,"valueName":"search_term_string"}}],"inLanguage":"es"},{"@type":"Organization","@id":"https:\/\/www.sky6cancun.com\/marketing\/#organization","name":"Sky 6 Marketing","url":"https:\/\/www.sky6cancun.com\/marketing\/","logo":{"@type":"ImageObject","inLanguage":"es","@id":"https:\/\/www.sky6cancun.com\/marketing\/#\/schema\/logo\/image\/","url":"https:\/\/www.sky6cancun.com\/marketing\/wp-content\/uploads\/2022\/06\/LOGO-SKY-6-MARKETING-EXTRAVAGANZA.png","contentUrl":"https:\/\/www.sky6cancun.com\/marketing\/wp-content\/uploads\/2022\/06\/LOGO-SKY-6-MARKETING-EXTRAVAGANZA.png","width":200,"height":123,"caption":"Sky 6 Marketing"},"image":{"@id":"https:\/\/www.sky6cancun.com\/marketing\/#\/schema\/logo\/image\/"}}]}},"_links":{"self":[{"href":"https:\/\/www.sky6cancun.com\/marketing\/wp-json\/wp\/v2\/pages\/2406","targetHints":{"allow":["GET"]}}],"collection":[{"href":"https:\/\/www.sky6cancun.com\/marketing\/wp-json\/wp\/v2\/pages"}],"about":[{"href":"https:\/\/www.sky6cancun.com\/marketing\/wp-json\/wp\/v2\/types\/page"}],"author":[{"embeddable":true,"href":"https:\/\/www.sky6cancun.com\/marketing\/wp-json\/wp\/v2\/users\/1"}],"replies":[{"embeddable":true,"href":"https:\/\/www.sky6cancun.com\/marketing\/wp-json\/wp\/v2\/comments?post=2406"}],"version-history":[{"count":5,"href":"https:\/\/www.sky6cancun.com\/marketing\/wp-json\/wp\/v2\/pages\/2406\/revisions"}],"predecessor-version":[{"id":2736,"href":"https:\/\/www.sky6cancun.com\/marketing\/wp-json\/wp\/v2\/pages\/2406\/revisions\/2736"}],"up":[{"embeddable":true,"href":"https:\/\/www.sky6cancun.com\/marketing\/wp-json\/wp\/v2\/pages\/2233"}],"wp:featuredmedia":[{"embeddable":true,"href":"https:\/\/www.sky6cancun.com\/marketing\/wp-json\/wp\/v2\/media\/2307"}],"wp:attachment":[{"href":"https:\/\/www.sky6cancun.com\/marketing\/wp-json\/wp\/v2\/media?parent=2406"}],"curies":[{"name":"wp","href":"https:\/\/api.w.org\/{rel}","templated":true}]}}